{"id":18240,"date":"2025-09-11T16:34:07","date_gmt":"2025-09-11T13:34:07","guid":{"rendered":"https:\/\/www.ibss.com.tr\/?page_id=18240"},"modified":"2025-10-09T17:01:39","modified_gmt":"2025-10-09T14:01:39","slug":"ibss-cover","status":"publish","type":"page","link":"https:\/\/www.ibss.com.tr\/tr\/ibss-cover\/","title":{"rendered":"Cover"},"content":{"rendered":"","protected":false},"excerpt":{"rendered":"","protected":false},"author":2,"featured_media":23948,"parent":0,"menu_order":0,"comment_status":"closed","ping_status":"closed","template":"","meta":{"footnotes":""},"class_list":["post-18240","page","type-page","status-publish","has-post-thumbnail","hentry"],"yoast_head":"<!-- This site is optimized with the Yoast SEO plugin v27.5 - https:\/\/yoast.com\/product\/yoast-seo-wordpress\/ -->\n<title>Cover - IBSS | Data and Artificial Intelligence Based Solutions with SAP Gold Partner<\/title>\n<meta name=\"description\" content=\"IBSS COVER ile BT altyap\u0131n\u0131z\u0131 g\u00fcvence alt\u0131na al\u0131n, riskleri y\u00f6netin ve operasyonel verimlili\u011fi art\u0131rarak kesintisiz i\u015f s\u00fcreklili\u011fi sa\u011flay\u0131n.\" \/>\n<meta name=\"robots\" content=\"index, follow, max-snippet:-1, max-image-preview:large, max-video-preview:-1\" \/>\n<link rel=\"canonical\" href=\"https:\/\/www.ibss.com.tr\/tr\/ibss-cover\/\" \/>\n<meta property=\"og:locale\" content=\"tr_TR\" \/>\n<meta property=\"og:type\" content=\"article\" \/>\n<meta property=\"og:title\" content=\"Cover - IBSS | Data and Artificial Intelligence Based Solutions with SAP Gold Partner\" \/>\n<meta property=\"og:description\" content=\"IBSS COVER ile BT altyap\u0131n\u0131z\u0131 g\u00fcvence alt\u0131na al\u0131n, riskleri y\u00f6netin ve operasyonel verimlili\u011fi art\u0131rarak kesintisiz i\u015f s\u00fcreklili\u011fi sa\u011flay\u0131n.\" \/>\n<meta property=\"og:url\" content=\"https:\/\/www.ibss.com.tr\/tr\/ibss-cover\/\" \/>\n<meta property=\"og:site_name\" content=\"IBSS | Data and Artificial Intelligence Based Solutions with SAP Gold Partner\" \/>\n<meta property=\"article:modified_time\" content=\"2025-10-09T14:01:39+00:00\" \/>\n<meta property=\"og:image\" content=\"https:\/\/www.ibss.com.tr\/wp-content\/uploads\/2025\/06\/cover-1.png\" \/>\n\t<meta property=\"og:image:width\" content=\"366\" \/>\n\t<meta property=\"og:image:height\" content=\"330\" \/>\n\t<meta property=\"og:image:type\" content=\"image\/png\" \/>\n<meta name=\"twitter:card\" content=\"summary_large_image\" \/>\n<meta name=\"twitter:label1\" content=\"Tahmini okuma s\u00fcresi\" \/>\n\t<meta name=\"twitter:data1\" content=\"1 dakika\" \/>\n<script type=\"application\/ld+json\" class=\"yoast-schema-graph\">{\"@context\":\"https:\\\/\\\/schema.org\",\"@graph\":[{\"@type\":\"WebPage\",\"@id\":\"https:\\\/\\\/www.ibss.com.tr\\\/tr\\\/ibss-cover\\\/\",\"url\":\"https:\\\/\\\/www.ibss.com.tr\\\/tr\\\/ibss-cover\\\/\",\"name\":\"Cover - IBSS | Data and Artificial Intelligence Based Solutions with SAP Gold Partner\",\"isPartOf\":{\"@id\":\"https:\\\/\\\/www.ibss.com.tr\\\/#website\"},\"primaryImageOfPage\":{\"@id\":\"https:\\\/\\\/www.ibss.com.tr\\\/tr\\\/ibss-cover\\\/#primaryimage\"},\"image\":{\"@id\":\"https:\\\/\\\/www.ibss.com.tr\\\/tr\\\/ibss-cover\\\/#primaryimage\"},\"thumbnailUrl\":\"https:\\\/\\\/www.ibss.com.tr\\\/wp-content\\\/uploads\\\/2025\\\/06\\\/cover-1.png\",\"datePublished\":\"2025-09-11T13:34:07+00:00\",\"dateModified\":\"2025-10-09T14:01:39+00:00\",\"description\":\"IBSS COVER ile BT altyap\u0131n\u0131z\u0131 g\u00fcvence alt\u0131na al\u0131n, riskleri y\u00f6netin ve operasyonel verimlili\u011fi art\u0131rarak kesintisiz i\u015f s\u00fcreklili\u011fi sa\u011flay\u0131n.\",\"inLanguage\":\"tr\",\"potentialAction\":[{\"@type\":\"ReadAction\",\"target\":[\"https:\\\/\\\/www.ibss.com.tr\\\/tr\\\/ibss-cover\\\/\"]}]},{\"@type\":\"ImageObject\",\"inLanguage\":\"tr\",\"@id\":\"https:\\\/\\\/www.ibss.com.tr\\\/tr\\\/ibss-cover\\\/#primaryimage\",\"url\":\"https:\\\/\\\/www.ibss.com.tr\\\/wp-content\\\/uploads\\\/2025\\\/06\\\/cover-1.png\",\"contentUrl\":\"https:\\\/\\\/www.ibss.com.tr\\\/wp-content\\\/uploads\\\/2025\\\/06\\\/cover-1.png\",\"width\":366,\"height\":330},{\"@type\":\"WebSite\",\"@id\":\"https:\\\/\\\/www.ibss.com.tr\\\/#website\",\"url\":\"https:\\\/\\\/www.ibss.com.tr\\\/\",\"name\":\"IBSS | Data and Artificial Intelligence Based Solutions with SAP Gold Partner\",\"description\":\"As an SAP Gold Partner, IBSS offers data analytics, artificial intelligence and reporting solutions in IBCS standards. Meet us to grow your business with technology.\",\"publisher\":{\"@id\":\"https:\\\/\\\/www.ibss.com.tr\\\/#organization\"},\"potentialAction\":[{\"@type\":\"SearchAction\",\"target\":{\"@type\":\"EntryPoint\",\"urlTemplate\":\"https:\\\/\\\/www.ibss.com.tr\\\/?s={search_term_string}\"},\"query-input\":{\"@type\":\"PropertyValueSpecification\",\"valueRequired\":true,\"valueName\":\"search_term_string\"}}],\"inLanguage\":\"tr\"},{\"@type\":\"Organization\",\"@id\":\"https:\\\/\\\/www.ibss.com.tr\\\/#organization\",\"name\":\"IBSS | Data and Artificial Intelligence Based Solutions with SAP Gold Partner\",\"url\":\"https:\\\/\\\/www.ibss.com.tr\\\/\",\"logo\":{\"@type\":\"ImageObject\",\"inLanguage\":\"tr\",\"@id\":\"https:\\\/\\\/www.ibss.com.tr\\\/#\\\/schema\\\/logo\\\/image\\\/\",\"url\":\"https:\\\/\\\/www.ibss.com.tr\\\/wp-content\\\/uploads\\\/2025\\\/09\\\/ibss-favicon.jpg\",\"contentUrl\":\"https:\\\/\\\/www.ibss.com.tr\\\/wp-content\\\/uploads\\\/2025\\\/09\\\/ibss-favicon.jpg\",\"width\":512,\"height\":512,\"caption\":\"IBSS | Data and Artificial Intelligence Based Solutions with SAP Gold Partner\"},\"image\":{\"@id\":\"https:\\\/\\\/www.ibss.com.tr\\\/#\\\/schema\\\/logo\\\/image\\\/\"}}]}<\/script>\n<!-- \/ Yoast SEO plugin. -->","yoast_head_json":{"title":"Cover - IBSS | Data and Artificial Intelligence Based Solutions with SAP Gold Partner","description":"IBSS COVER ile BT altyap\u0131n\u0131z\u0131 g\u00fcvence alt\u0131na al\u0131n, riskleri y\u00f6netin ve operasyonel verimlili\u011fi art\u0131rarak kesintisiz i\u015f s\u00fcreklili\u011fi sa\u011flay\u0131n.","robots":{"index":"index","follow":"follow","max-snippet":"max-snippet:-1","max-image-preview":"max-image-preview:large","max-video-preview":"max-video-preview:-1"},"canonical":"https:\/\/www.ibss.com.tr\/tr\/ibss-cover\/","og_locale":"tr_TR","og_type":"article","og_title":"Cover - IBSS | Data and Artificial Intelligence Based Solutions with SAP Gold Partner","og_description":"IBSS COVER ile BT altyap\u0131n\u0131z\u0131 g\u00fcvence alt\u0131na al\u0131n, riskleri y\u00f6netin ve operasyonel verimlili\u011fi art\u0131rarak kesintisiz i\u015f s\u00fcreklili\u011fi sa\u011flay\u0131n.","og_url":"https:\/\/www.ibss.com.tr\/tr\/ibss-cover\/","og_site_name":"IBSS | Data and Artificial Intelligence Based Solutions with SAP Gold Partner","article_modified_time":"2025-10-09T14:01:39+00:00","og_image":[{"width":366,"height":330,"url":"https:\/\/www.ibss.com.tr\/wp-content\/uploads\/2025\/06\/cover-1.png","type":"image\/png"}],"twitter_card":"summary_large_image","twitter_misc":{"Tahmini okuma s\u00fcresi":"1 dakika"},"schema":{"@context":"https:\/\/schema.org","@graph":[{"@type":"WebPage","@id":"https:\/\/www.ibss.com.tr\/tr\/ibss-cover\/","url":"https:\/\/www.ibss.com.tr\/tr\/ibss-cover\/","name":"Cover - IBSS | Data and Artificial Intelligence Based Solutions with SAP Gold Partner","isPartOf":{"@id":"https:\/\/www.ibss.com.tr\/#website"},"primaryImageOfPage":{"@id":"https:\/\/www.ibss.com.tr\/tr\/ibss-cover\/#primaryimage"},"image":{"@id":"https:\/\/www.ibss.com.tr\/tr\/ibss-cover\/#primaryimage"},"thumbnailUrl":"https:\/\/www.ibss.com.tr\/wp-content\/uploads\/2025\/06\/cover-1.png","datePublished":"2025-09-11T13:34:07+00:00","dateModified":"2025-10-09T14:01:39+00:00","description":"IBSS COVER ile BT altyap\u0131n\u0131z\u0131 g\u00fcvence alt\u0131na al\u0131n, riskleri y\u00f6netin ve operasyonel verimlili\u011fi art\u0131rarak kesintisiz i\u015f s\u00fcreklili\u011fi sa\u011flay\u0131n.","inLanguage":"tr","potentialAction":[{"@type":"ReadAction","target":["https:\/\/www.ibss.com.tr\/tr\/ibss-cover\/"]}]},{"@type":"ImageObject","inLanguage":"tr","@id":"https:\/\/www.ibss.com.tr\/tr\/ibss-cover\/#primaryimage","url":"https:\/\/www.ibss.com.tr\/wp-content\/uploads\/2025\/06\/cover-1.png","contentUrl":"https:\/\/www.ibss.com.tr\/wp-content\/uploads\/2025\/06\/cover-1.png","width":366,"height":330},{"@type":"WebSite","@id":"https:\/\/www.ibss.com.tr\/#website","url":"https:\/\/www.ibss.com.tr\/","name":"IBSS | Data and Artificial Intelligence Based Solutions with SAP Gold Partner","description":"As an SAP Gold Partner, IBSS offers data analytics, artificial intelligence and reporting solutions in IBCS standards. Meet us to grow your business with technology.","publisher":{"@id":"https:\/\/www.ibss.com.tr\/#organization"},"potentialAction":[{"@type":"SearchAction","target":{"@type":"EntryPoint","urlTemplate":"https:\/\/www.ibss.com.tr\/?s={search_term_string}"},"query-input":{"@type":"PropertyValueSpecification","valueRequired":true,"valueName":"search_term_string"}}],"inLanguage":"tr"},{"@type":"Organization","@id":"https:\/\/www.ibss.com.tr\/#organization","name":"IBSS | Data and Artificial Intelligence Based Solutions with SAP Gold Partner","url":"https:\/\/www.ibss.com.tr\/","logo":{"@type":"ImageObject","inLanguage":"tr","@id":"https:\/\/www.ibss.com.tr\/#\/schema\/logo\/image\/","url":"https:\/\/www.ibss.com.tr\/wp-content\/uploads\/2025\/09\/ibss-favicon.jpg","contentUrl":"https:\/\/www.ibss.com.tr\/wp-content\/uploads\/2025\/09\/ibss-favicon.jpg","width":512,"height":512,"caption":"IBSS | Data and Artificial Intelligence Based Solutions with SAP Gold Partner"},"image":{"@id":"https:\/\/www.ibss.com.tr\/#\/schema\/logo\/image\/"}}]}},"_links":{"self":[{"href":"https:\/\/www.ibss.com.tr\/tr\/wp-json\/wp\/v2\/pages\/18240","targetHints":{"allow":["GET"]}}],"collection":[{"href":"https:\/\/www.ibss.com.tr\/tr\/wp-json\/wp\/v2\/pages"}],"about":[{"href":"https:\/\/www.ibss.com.tr\/tr\/wp-json\/wp\/v2\/types\/page"}],"author":[{"embeddable":true,"href":"https:\/\/www.ibss.com.tr\/tr\/wp-json\/wp\/v2\/users\/2"}],"replies":[{"embeddable":true,"href":"https:\/\/www.ibss.com.tr\/tr\/wp-json\/wp\/v2\/comments?post=18240"}],"version-history":[{"count":2,"href":"https:\/\/www.ibss.com.tr\/tr\/wp-json\/wp\/v2\/pages\/18240\/revisions"}],"predecessor-version":[{"id":27897,"href":"https:\/\/www.ibss.com.tr\/tr\/wp-json\/wp\/v2\/pages\/18240\/revisions\/27897"}],"wp:featuredmedia":[{"embeddable":true,"href":"https:\/\/www.ibss.com.tr\/tr\/wp-json\/wp\/v2\/media\/23948"}],"wp:attachment":[{"href":"https:\/\/www.ibss.com.tr\/tr\/wp-json\/wp\/v2\/media?parent=18240"}],"curies":[{"name":"wp","href":"https:\/\/api.w.org\/{rel}","templated":true}]}}