{"id":26841,"date":"2025-09-23T10:00:48","date_gmt":"2025-09-23T07:00:48","guid":{"rendered":"https:\/\/www.ibss.com.tr\/?page_id=26841"},"modified":"2025-10-14T10:43:20","modified_gmt":"2025-10-14T07:43:20","slug":"doqufyy-otomatik-sap-bw-dokumantasyonu","status":"publish","type":"page","link":"https:\/\/www.ibss.com.tr\/tr\/doqufyy-otomatik-sap-bw-dokumantasyonu\/","title":{"rendered":"DOQUFY"},"content":{"rendered":"\t\t<div data-elementor-type=\"wp-page\" data-elementor-id=\"26841\" class=\"elementor elementor-26841\" data-elementor-post-type=\"page\">\n\t\t\t\t\t\t<section class=\"elementor-section elementor-top-section elementor-element elementor-element-367a1d93 elementor-section-boxed elementor-section-height-default elementor-section-height-default\" data-id=\"367a1d93\" data-element_type=\"section\" data-e-type=\"section\" data-settings=\"{&quot;background_background&quot;:&quot;classic&quot;}\">\n\t\t\t\t\t\t\t<div class=\"elementor-background-overlay\"><\/div>\n\t\t\t\t\t\t\t<div class=\"elementor-container elementor-column-gap-default\">\n\t\t\t\t\t<div class=\"elementor-column elementor-col-100 elementor-top-column elementor-element elementor-element-2498072\" data-id=\"2498072\" data-element_type=\"column\" data-e-type=\"column\">\n\t\t\t<div class=\"elementor-widget-wrap elementor-element-populated\">\n\t\t\t\t\t\t<section class=\"elementor-section elementor-inner-section elementor-element elementor-element-596d6d94 elementor-section-boxed elementor-section-height-default elementor-section-height-default\" data-id=\"596d6d94\" data-element_type=\"section\" data-e-type=\"section\">\n\t\t\t\t\t\t<div class=\"elementor-container elementor-column-gap-default\">\n\t\t\t\t\t<div class=\"elementor-column elementor-col-100 elementor-inner-column elementor-element elementor-element-7f92997c\" data-id=\"7f92997c\" data-element_type=\"column\" data-e-type=\"column\">\n\t\t\t<div class=\"elementor-widget-wrap elementor-element-populated\">\n\t\t\t\t\t\t<div class=\"elementor-element elementor-element-66fe10b8 animated-fast elementor-invisible elementor-widget elementor-widget-heading\" data-id=\"66fe10b8\" data-element_type=\"widget\" data-e-type=\"widget\" data-settings=\"{&quot;_animation&quot;:&quot;fadeInUp&quot;}\" data-widget_type=\"heading.default\">\n\t\t\t\t<div class=\"elementor-widget-container\">\n\t\t\t\t\t<h1 class=\"elementor-heading-title elementor-size-default\">DOQUFY<\/h1>\t\t\t\t<\/div>\n\t\t\t\t<\/div>\n\t\t\t\t<div class=\"elementor-element elementor-element-7fb435a4 elementor-invisible elementor-widget elementor-widget-heading\" data-id=\"7fb435a4\" data-element_type=\"widget\" data-e-type=\"widget\" data-settings=\"{&quot;_animation&quot;:&quot;fadeInUp&quot;,&quot;_animation_delay&quot;:200}\" data-widget_type=\"heading.default\">\n\t\t\t\t<div class=\"elementor-widget-container\">\n\t\t\t\t\t<h4 class=\"elementor-heading-title elementor-size-default\">Misyonumuz, teknolojiyi kullanarak\ni\u015finizi daha ileriye ta\u015f\u0131makt\u0131r.<\/h4>\t\t\t\t<\/div>\n\t\t\t\t<\/div>\n\t\t\t\t<div class=\"elementor-element elementor-element-5310d74a elementor-align-center elementor-widget elementor-widget-breadcrumbs\" data-id=\"5310d74a\" data-element_type=\"widget\" data-e-type=\"widget\" data-widget_type=\"breadcrumbs.default\">\n\t\t\t\t<div class=\"elementor-widget-container\">\n\t\t\t\t\t<p id=\"breadcrumbs\"><\/p>\t\t\t\t<\/div>\n\t\t\t\t<\/div>\n\t\t\t\t\t<\/div>\n\t\t<\/div>\n\t\t\t\t\t<\/div>\n\t\t<\/section>\n\t\t\t\t\t<\/div>\n\t\t<\/div>\n\t\t\t\t\t<\/div>\n\t\t<\/section>\n\t\t\t\t<section class=\"elementor-section elementor-top-section elementor-element elementor-element-26ed2e94 elementor-section-content-middle elementor-section-boxed elementor-section-height-default elementor-section-height-default\" data-id=\"26ed2e94\" data-element_type=\"section\" data-e-type=\"section\" data-settings=\"{&quot;background_background&quot;:&quot;classic&quot;}\">\n\t\t\t\t\t\t<div class=\"elementor-container elementor-column-gap-default\">\n\t\t\t\t\t<div class=\"elementor-column elementor-col-50 elementor-top-column elementor-element elementor-element-6a2fd898 elementor-invisible\" data-id=\"6a2fd898\" data-element_type=\"column\" data-e-type=\"column\" data-settings=\"{&quot;animation&quot;:&quot;fadeInLeft&quot;}\">\n\t\t\t<div class=\"elementor-widget-wrap elementor-element-populated\">\n\t\t\t\t\t\t<div class=\"elementor-element elementor-element-66d8e1ba elementor-widget elementor-widget-heading\" data-id=\"66d8e1ba\" data-element_type=\"widget\" data-e-type=\"widget\" data-widget_type=\"heading.default\">\n\t\t\t\t<div class=\"elementor-widget-container\">\n\t\t\t\t\t<h3 class=\"elementor-heading-title elementor-size-default\">DOQUFY \u2013 Otomatik SAP BW Dok\u00fcmantasyonu\n\n<\/h3>\t\t\t\t<\/div>\n\t\t\t\t<\/div>\n\t\t\t\t<div class=\"elementor-element elementor-element-62645f61 elementor-widget elementor-widget-text-editor\" data-id=\"62645f61\" data-element_type=\"widget\" data-e-type=\"widget\" data-widget_type=\"text-editor.default\">\n\t\t\t\t<div class=\"elementor-widget-container\">\n\t\t\t\t\t\t\t\t\t<p>SAP BW ve SAP BW\/4HANA projelerinde manuel dok\u00fcmantasyon zaman al\u0131c\u0131 ve hataya a\u00e7\u0131kt\u0131r. Doqufy, t\u00fcm bu s\u00fcreci otomatikle\u015ftirerek h\u0131zl\u0131, do\u011fru ve uygun maliyetli dok\u00fcmantasyon sunar. Tek ihtiyac\u0131n\u0131z olan nesnenin teknik ad\u0131d\u0131r; gerisini Doqufy halleder. Bu, insan hatalar\u0131n\u0131 ortadan kald\u0131r\u0131r, maliyetleri d\u00fc\u015f\u00fcr\u00fcr ve projelerin sonunda manuel \u00e7aba gerektirmeden do\u011fru dok\u00fcmantasyonu sa\u011flar.<br \/><br \/>\u2022 Otomatik SAP BW ve BW\/4HANA raporu ve veri modeli dok\u00fcmantasyonu<br \/>\u2022 Hatas\u0131z ve verimli dok\u00fcmantasyon<br \/>\u2022 \u00d6nemli proje s\u00fcresi ve kaynak<br \/>tasarrufu sa\u011flar<br \/>\u2022 G\u00fcvenilir ve \u00f6l\u00e7eklenebilir \u00e7\u00f6z\u00fcm<\/p>\t\t\t\t\t\t\t\t<\/div>\n\t\t\t\t<\/div>\n\t\t\t\t\t<\/div>\n\t\t<\/div>\n\t\t\t\t<div class=\"elementor-column elementor-col-50 elementor-top-column elementor-element elementor-element-4b4a167d elementor-invisible\" data-id=\"4b4a167d\" data-element_type=\"column\" data-e-type=\"column\" data-settings=\"{&quot;animation&quot;:&quot;fadeInRight&quot;}\">\n\t\t\t<div class=\"elementor-widget-wrap elementor-element-populated\">\n\t\t\t\t\t\t<div class=\"elementor-element elementor-element-4f773ef elementor-widget elementor-widget-image\" data-id=\"4f773ef\" data-element_type=\"widget\" data-e-type=\"widget\" data-widget_type=\"image.default\">\n\t\t\t\t<div class=\"elementor-widget-container\">\n\t\t\t\t\t\t\t\t\t\t\t\t\t\t\t<img fetchpriority=\"high\" decoding=\"async\" width=\"626\" height=\"417\" src=\"https:\/\/www.ibss.com.tr\/wp-content\/uploads\/2025\/08\/74c57f7b5d43bf4e2947b3250584b885.jpg\" class=\"attachment-full size-full wp-image-24059\" alt=\"\" srcset=\"https:\/\/www.ibss.com.tr\/wp-content\/uploads\/2025\/08\/74c57f7b5d43bf4e2947b3250584b885.jpg 626w, https:\/\/www.ibss.com.tr\/wp-content\/uploads\/2025\/08\/74c57f7b5d43bf4e2947b3250584b885-300x200.jpg 300w\" sizes=\"(max-width: 626px) 100vw, 626px\" \/>\t\t\t\t\t\t\t\t\t\t\t\t\t\t\t<\/div>\n\t\t\t\t<\/div>\n\t\t\t\t\t<\/div>\n\t\t<\/div>\n\t\t\t\t\t<\/div>\n\t\t<\/section>\n\t\t\t\t<\/div>\n\t\t","protected":false},"excerpt":{"rendered":"<p>Misyonumuz, teknolojiyi kullanarak i\u015finizi daha ileriye ta\u015f\u0131makt\u0131r. DOQUFY \u2013 Otomatik SAP BW Dok\u00fcmantasyonu SAP BW ve SAP BW\/4HANA projelerinde manuel dok\u00fcmantasyon zaman al\u0131c\u0131 ve hataya a\u00e7\u0131kt\u0131r. Doqufy, t\u00fcm bu s\u00fcreci otomatikle\u015ftirerek h\u0131zl\u0131, do\u011fru ve uygun maliyetli dok\u00fcmantasyon sunar. Tek ihtiyac\u0131n\u0131z olan nesnenin teknik ad\u0131d\u0131r; gerisini Doqufy halleder. Bu, insan hatalar\u0131n\u0131 ortadan kald\u0131r\u0131r, maliyetleri d\u00fc\u015f\u00fcr\u00fcr ve [&hellip;]<\/p>\n","protected":false},"author":3,"featured_media":23955,"parent":0,"menu_order":0,"comment_status":"closed","ping_status":"closed","template":"elementor_header_footer","meta":{"footnotes":""},"class_list":["post-26841","page","type-page","status-publish","has-post-thumbnail","hentry"],"yoast_head":"<!-- This site is optimized with the Yoast SEO plugin v27.4 - https:\/\/yoast.com\/product\/yoast-seo-wordpress\/ -->\n<title>DOQUFY - IBSS | Data and Artificial Intelligence Based Solutions with SAP Gold Partner<\/title>\n<meta name=\"robots\" content=\"index, follow, max-snippet:-1, max-image-preview:large, max-video-preview:-1\" \/>\n<link rel=\"canonical\" href=\"https:\/\/www.ibss.com.tr\/tr\/doqufyy-otomatik-sap-bw-dokumantasyonu\/\" \/>\n<meta property=\"og:locale\" content=\"tr_TR\" \/>\n<meta property=\"og:type\" content=\"article\" \/>\n<meta property=\"og:title\" content=\"DOQUFY - IBSS | Data and Artificial Intelligence Based Solutions with SAP Gold Partner\" \/>\n<meta property=\"og:description\" content=\"Misyonumuz, teknolojiyi kullanarak i\u015finizi daha ileriye ta\u015f\u0131makt\u0131r. DOQUFY \u2013 Otomatik SAP BW Dok\u00fcmantasyonu SAP BW ve SAP BW\/4HANA projelerinde manuel dok\u00fcmantasyon zaman al\u0131c\u0131 ve hataya a\u00e7\u0131kt\u0131r. Doqufy, t\u00fcm bu s\u00fcreci otomatikle\u015ftirerek h\u0131zl\u0131, do\u011fru ve uygun maliyetli dok\u00fcmantasyon sunar. Tek ihtiyac\u0131n\u0131z olan nesnenin teknik ad\u0131d\u0131r; gerisini Doqufy halleder. Bu, insan hatalar\u0131n\u0131 ortadan kald\u0131r\u0131r, maliyetleri d\u00fc\u015f\u00fcr\u00fcr ve [&hellip;]\" \/>\n<meta property=\"og:url\" content=\"https:\/\/www.ibss.com.tr\/tr\/doqufyy-otomatik-sap-bw-dokumantasyonu\/\" \/>\n<meta property=\"og:site_name\" content=\"IBSS | Data and Artificial Intelligence Based Solutions with SAP Gold Partner\" \/>\n<meta property=\"article:modified_time\" content=\"2025-10-14T07:43:20+00:00\" \/>\n<meta property=\"og:image\" content=\"https:\/\/www.ibss.com.tr\/wp-content\/uploads\/2025\/06\/strac-1.png\" \/>\n\t<meta property=\"og:image:width\" content=\"366\" \/>\n\t<meta property=\"og:image:height\" content=\"330\" \/>\n\t<meta property=\"og:image:type\" content=\"image\/png\" \/>\n<meta name=\"twitter:card\" content=\"summary_large_image\" \/>\n<meta name=\"twitter:label1\" content=\"Tahmini okuma s\u00fcresi\" \/>\n\t<meta name=\"twitter:data1\" content=\"1 dakika\" \/>\n<script type=\"application\/ld+json\" class=\"yoast-schema-graph\">{\"@context\":\"https:\\\/\\\/schema.org\",\"@graph\":[{\"@type\":\"WebPage\",\"@id\":\"https:\\\/\\\/www.ibss.com.tr\\\/tr\\\/doqufyy-otomatik-sap-bw-dokumantasyonu\\\/\",\"url\":\"https:\\\/\\\/www.ibss.com.tr\\\/tr\\\/doqufyy-otomatik-sap-bw-dokumantasyonu\\\/\",\"name\":\"DOQUFY - IBSS | Data and Artificial Intelligence Based Solutions with SAP Gold Partner\",\"isPartOf\":{\"@id\":\"https:\\\/\\\/www.ibss.com.tr\\\/#website\"},\"primaryImageOfPage\":{\"@id\":\"https:\\\/\\\/www.ibss.com.tr\\\/tr\\\/doqufyy-otomatik-sap-bw-dokumantasyonu\\\/#primaryimage\"},\"image\":{\"@id\":\"https:\\\/\\\/www.ibss.com.tr\\\/tr\\\/doqufyy-otomatik-sap-bw-dokumantasyonu\\\/#primaryimage\"},\"thumbnailUrl\":\"https:\\\/\\\/www.ibss.com.tr\\\/wp-content\\\/uploads\\\/2025\\\/06\\\/strac-1.png\",\"datePublished\":\"2025-09-23T07:00:48+00:00\",\"dateModified\":\"2025-10-14T07:43:20+00:00\",\"inLanguage\":\"tr\",\"potentialAction\":[{\"@type\":\"ReadAction\",\"target\":[\"https:\\\/\\\/www.ibss.com.tr\\\/tr\\\/doqufyy-otomatik-sap-bw-dokumantasyonu\\\/\"]}]},{\"@type\":\"ImageObject\",\"inLanguage\":\"tr\",\"@id\":\"https:\\\/\\\/www.ibss.com.tr\\\/tr\\\/doqufyy-otomatik-sap-bw-dokumantasyonu\\\/#primaryimage\",\"url\":\"https:\\\/\\\/www.ibss.com.tr\\\/wp-content\\\/uploads\\\/2025\\\/06\\\/strac-1.png\",\"contentUrl\":\"https:\\\/\\\/www.ibss.com.tr\\\/wp-content\\\/uploads\\\/2025\\\/06\\\/strac-1.png\",\"width\":366,\"height\":330},{\"@type\":\"WebSite\",\"@id\":\"https:\\\/\\\/www.ibss.com.tr\\\/#website\",\"url\":\"https:\\\/\\\/www.ibss.com.tr\\\/\",\"name\":\"IBSS | Data and Artificial Intelligence Based Solutions with SAP Gold Partner\",\"description\":\"As an SAP Gold Partner, IBSS offers data analytics, artificial intelligence and reporting solutions in IBCS standards. Meet us to grow your business with technology.\",\"publisher\":{\"@id\":\"https:\\\/\\\/www.ibss.com.tr\\\/#organization\"},\"potentialAction\":[{\"@type\":\"SearchAction\",\"target\":{\"@type\":\"EntryPoint\",\"urlTemplate\":\"https:\\\/\\\/www.ibss.com.tr\\\/?s={search_term_string}\"},\"query-input\":{\"@type\":\"PropertyValueSpecification\",\"valueRequired\":true,\"valueName\":\"search_term_string\"}}],\"inLanguage\":\"tr\"},{\"@type\":\"Organization\",\"@id\":\"https:\\\/\\\/www.ibss.com.tr\\\/#organization\",\"name\":\"IBSS | Data and Artificial Intelligence Based Solutions with SAP Gold Partner\",\"url\":\"https:\\\/\\\/www.ibss.com.tr\\\/\",\"logo\":{\"@type\":\"ImageObject\",\"inLanguage\":\"tr\",\"@id\":\"https:\\\/\\\/www.ibss.com.tr\\\/#\\\/schema\\\/logo\\\/image\\\/\",\"url\":\"https:\\\/\\\/www.ibss.com.tr\\\/wp-content\\\/uploads\\\/2025\\\/09\\\/ibss-favicon.jpg\",\"contentUrl\":\"https:\\\/\\\/www.ibss.com.tr\\\/wp-content\\\/uploads\\\/2025\\\/09\\\/ibss-favicon.jpg\",\"width\":512,\"height\":512,\"caption\":\"IBSS | Data and Artificial Intelligence Based Solutions with SAP Gold Partner\"},\"image\":{\"@id\":\"https:\\\/\\\/www.ibss.com.tr\\\/#\\\/schema\\\/logo\\\/image\\\/\"}}]}<\/script>\n<!-- \/ Yoast SEO plugin. -->","yoast_head_json":{"title":"DOQUFY - IBSS | Data and Artificial Intelligence Based Solutions with SAP Gold Partner","robots":{"index":"index","follow":"follow","max-snippet":"max-snippet:-1","max-image-preview":"max-image-preview:large","max-video-preview":"max-video-preview:-1"},"canonical":"https:\/\/www.ibss.com.tr\/tr\/doqufyy-otomatik-sap-bw-dokumantasyonu\/","og_locale":"tr_TR","og_type":"article","og_title":"DOQUFY - IBSS | Data and Artificial Intelligence Based Solutions with SAP Gold Partner","og_description":"Misyonumuz, teknolojiyi kullanarak i\u015finizi daha ileriye ta\u015f\u0131makt\u0131r. DOQUFY \u2013 Otomatik SAP BW Dok\u00fcmantasyonu SAP BW ve SAP BW\/4HANA projelerinde manuel dok\u00fcmantasyon zaman al\u0131c\u0131 ve hataya a\u00e7\u0131kt\u0131r. Doqufy, t\u00fcm bu s\u00fcreci otomatikle\u015ftirerek h\u0131zl\u0131, do\u011fru ve uygun maliyetli dok\u00fcmantasyon sunar. Tek ihtiyac\u0131n\u0131z olan nesnenin teknik ad\u0131d\u0131r; gerisini Doqufy halleder. Bu, insan hatalar\u0131n\u0131 ortadan kald\u0131r\u0131r, maliyetleri d\u00fc\u015f\u00fcr\u00fcr ve [&hellip;]","og_url":"https:\/\/www.ibss.com.tr\/tr\/doqufyy-otomatik-sap-bw-dokumantasyonu\/","og_site_name":"IBSS | Data and Artificial Intelligence Based Solutions with SAP Gold Partner","article_modified_time":"2025-10-14T07:43:20+00:00","og_image":[{"width":366,"height":330,"url":"https:\/\/www.ibss.com.tr\/wp-content\/uploads\/2025\/06\/strac-1.png","type":"image\/png"}],"twitter_card":"summary_large_image","twitter_misc":{"Tahmini okuma s\u00fcresi":"1 dakika"},"schema":{"@context":"https:\/\/schema.org","@graph":[{"@type":"WebPage","@id":"https:\/\/www.ibss.com.tr\/tr\/doqufyy-otomatik-sap-bw-dokumantasyonu\/","url":"https:\/\/www.ibss.com.tr\/tr\/doqufyy-otomatik-sap-bw-dokumantasyonu\/","name":"DOQUFY - IBSS | Data and Artificial Intelligence Based Solutions with SAP Gold Partner","isPartOf":{"@id":"https:\/\/www.ibss.com.tr\/#website"},"primaryImageOfPage":{"@id":"https:\/\/www.ibss.com.tr\/tr\/doqufyy-otomatik-sap-bw-dokumantasyonu\/#primaryimage"},"image":{"@id":"https:\/\/www.ibss.com.tr\/tr\/doqufyy-otomatik-sap-bw-dokumantasyonu\/#primaryimage"},"thumbnailUrl":"https:\/\/www.ibss.com.tr\/wp-content\/uploads\/2025\/06\/strac-1.png","datePublished":"2025-09-23T07:00:48+00:00","dateModified":"2025-10-14T07:43:20+00:00","inLanguage":"tr","potentialAction":[{"@type":"ReadAction","target":["https:\/\/www.ibss.com.tr\/tr\/doqufyy-otomatik-sap-bw-dokumantasyonu\/"]}]},{"@type":"ImageObject","inLanguage":"tr","@id":"https:\/\/www.ibss.com.tr\/tr\/doqufyy-otomatik-sap-bw-dokumantasyonu\/#primaryimage","url":"https:\/\/www.ibss.com.tr\/wp-content\/uploads\/2025\/06\/strac-1.png","contentUrl":"https:\/\/www.ibss.com.tr\/wp-content\/uploads\/2025\/06\/strac-1.png","width":366,"height":330},{"@type":"WebSite","@id":"https:\/\/www.ibss.com.tr\/#website","url":"https:\/\/www.ibss.com.tr\/","name":"IBSS | Data and Artificial Intelligence Based Solutions with SAP Gold Partner","description":"As an SAP Gold Partner, IBSS offers data analytics, artificial intelligence and reporting solutions in IBCS standards. Meet us to grow your business with technology.","publisher":{"@id":"https:\/\/www.ibss.com.tr\/#organization"},"potentialAction":[{"@type":"SearchAction","target":{"@type":"EntryPoint","urlTemplate":"https:\/\/www.ibss.com.tr\/?s={search_term_string}"},"query-input":{"@type":"PropertyValueSpecification","valueRequired":true,"valueName":"search_term_string"}}],"inLanguage":"tr"},{"@type":"Organization","@id":"https:\/\/www.ibss.com.tr\/#organization","name":"IBSS | Data and Artificial Intelligence Based Solutions with SAP Gold Partner","url":"https:\/\/www.ibss.com.tr\/","logo":{"@type":"ImageObject","inLanguage":"tr","@id":"https:\/\/www.ibss.com.tr\/#\/schema\/logo\/image\/","url":"https:\/\/www.ibss.com.tr\/wp-content\/uploads\/2025\/09\/ibss-favicon.jpg","contentUrl":"https:\/\/www.ibss.com.tr\/wp-content\/uploads\/2025\/09\/ibss-favicon.jpg","width":512,"height":512,"caption":"IBSS | Data and Artificial Intelligence Based Solutions with SAP Gold Partner"},"image":{"@id":"https:\/\/www.ibss.com.tr\/#\/schema\/logo\/image\/"}}]}},"_links":{"self":[{"href":"https:\/\/www.ibss.com.tr\/tr\/wp-json\/wp\/v2\/pages\/26841","targetHints":{"allow":["GET"]}}],"collection":[{"href":"https:\/\/www.ibss.com.tr\/tr\/wp-json\/wp\/v2\/pages"}],"about":[{"href":"https:\/\/www.ibss.com.tr\/tr\/wp-json\/wp\/v2\/types\/page"}],"author":[{"embeddable":true,"href":"https:\/\/www.ibss.com.tr\/tr\/wp-json\/wp\/v2\/users\/3"}],"replies":[{"embeddable":true,"href":"https:\/\/www.ibss.com.tr\/tr\/wp-json\/wp\/v2\/comments?post=26841"}],"version-history":[{"count":1,"href":"https:\/\/www.ibss.com.tr\/tr\/wp-json\/wp\/v2\/pages\/26841\/revisions"}],"predecessor-version":[{"id":28094,"href":"https:\/\/www.ibss.com.tr\/tr\/wp-json\/wp\/v2\/pages\/26841\/revisions\/28094"}],"wp:featuredmedia":[{"embeddable":true,"href":"https:\/\/www.ibss.com.tr\/tr\/wp-json\/wp\/v2\/media\/23955"}],"wp:attachment":[{"href":"https:\/\/www.ibss.com.tr\/tr\/wp-json\/wp\/v2\/media?parent=26841"}],"curies":[{"name":"wp","href":"https:\/\/api.w.org\/{rel}","templated":true}]}}