{"id":26908,"date":"2025-09-23T11:06:34","date_gmt":"2025-09-23T08:06:34","guid":{"rendered":"https:\/\/www.ibss.com.tr\/?page_id=26908"},"modified":"2025-10-14T10:45:30","modified_gmt":"2025-10-14T07:45:30","slug":"repbot","status":"publish","type":"page","link":"https:\/\/www.ibss.com.tr\/tr\/repbot\/","title":{"rendered":"RepBot"},"content":{"rendered":"\t\t<div data-elementor-type=\"wp-page\" data-elementor-id=\"26908\" class=\"elementor elementor-26908\" data-elementor-post-type=\"page\">\n\t\t\t\t\t\t<section class=\"elementor-section elementor-top-section elementor-element elementor-element-367a1d93 elementor-section-boxed elementor-section-height-default elementor-section-height-default\" data-id=\"367a1d93\" data-element_type=\"section\" data-e-type=\"section\" data-settings=\"{&quot;background_background&quot;:&quot;classic&quot;}\">\n\t\t\t\t\t\t\t<div class=\"elementor-background-overlay\"><\/div>\n\t\t\t\t\t\t\t<div class=\"elementor-container elementor-column-gap-default\">\n\t\t\t\t\t<div class=\"elementor-column elementor-col-100 elementor-top-column elementor-element elementor-element-2498072\" data-id=\"2498072\" data-element_type=\"column\" data-e-type=\"column\">\n\t\t\t<div class=\"elementor-widget-wrap elementor-element-populated\">\n\t\t\t\t\t\t<section class=\"elementor-section elementor-inner-section elementor-element elementor-element-596d6d94 elementor-section-boxed elementor-section-height-default elementor-section-height-default\" data-id=\"596d6d94\" data-element_type=\"section\" data-e-type=\"section\">\n\t\t\t\t\t\t<div class=\"elementor-container elementor-column-gap-default\">\n\t\t\t\t\t<div class=\"elementor-column elementor-col-100 elementor-inner-column elementor-element elementor-element-7f92997c\" data-id=\"7f92997c\" data-element_type=\"column\" data-e-type=\"column\">\n\t\t\t<div class=\"elementor-widget-wrap elementor-element-populated\">\n\t\t\t\t\t\t<div class=\"elementor-element elementor-element-66fe10b8 animated-fast elementor-invisible elementor-widget elementor-widget-heading\" data-id=\"66fe10b8\" data-element_type=\"widget\" data-e-type=\"widget\" data-settings=\"{&quot;_animation&quot;:&quot;fadeInUp&quot;}\" data-widget_type=\"heading.default\">\n\t\t\t\t<div class=\"elementor-widget-container\">\n\t\t\t\t\t<h1 class=\"elementor-heading-title elementor-size-default\">RepBot<\/h1>\t\t\t\t<\/div>\n\t\t\t\t<\/div>\n\t\t\t\t<div class=\"elementor-element elementor-element-7fb435a4 elementor-invisible elementor-widget elementor-widget-heading\" data-id=\"7fb435a4\" data-element_type=\"widget\" data-e-type=\"widget\" data-settings=\"{&quot;_animation&quot;:&quot;fadeInUp&quot;,&quot;_animation_delay&quot;:200}\" data-widget_type=\"heading.default\">\n\t\t\t\t<div class=\"elementor-widget-container\">\n\t\t\t\t\t<h4 class=\"elementor-heading-title elementor-size-default\">Misyonumuz, teknolojiyi kullanarak\ni\u015finizi daha ileriye ta\u015f\u0131makt\u0131r.<\/h4>\t\t\t\t<\/div>\n\t\t\t\t<\/div>\n\t\t\t\t<div class=\"elementor-element elementor-element-5310d74a elementor-align-center elementor-widget elementor-widget-breadcrumbs\" data-id=\"5310d74a\" data-element_type=\"widget\" data-e-type=\"widget\" data-widget_type=\"breadcrumbs.default\">\n\t\t\t\t<div class=\"elementor-widget-container\">\n\t\t\t\t\t<p id=\"breadcrumbs\"><\/p>\t\t\t\t<\/div>\n\t\t\t\t<\/div>\n\t\t\t\t\t<\/div>\n\t\t<\/div>\n\t\t\t\t\t<\/div>\n\t\t<\/section>\n\t\t\t\t\t<\/div>\n\t\t<\/div>\n\t\t\t\t\t<\/div>\n\t\t<\/section>\n\t\t\t\t<section class=\"elementor-section elementor-top-section elementor-element elementor-element-26ed2e94 elementor-section-content-middle elementor-section-boxed elementor-section-height-default elementor-section-height-default\" data-id=\"26ed2e94\" data-element_type=\"section\" data-e-type=\"section\" data-settings=\"{&quot;background_background&quot;:&quot;classic&quot;}\">\n\t\t\t\t\t\t<div class=\"elementor-container elementor-column-gap-default\">\n\t\t\t\t\t<div class=\"elementor-column elementor-col-50 elementor-top-column elementor-element elementor-element-6a2fd898 elementor-invisible\" data-id=\"6a2fd898\" data-element_type=\"column\" data-e-type=\"column\" data-settings=\"{&quot;animation&quot;:&quot;fadeInLeft&quot;}\">\n\t\t\t<div class=\"elementor-widget-wrap elementor-element-populated\">\n\t\t\t\t\t\t<div class=\"elementor-element elementor-element-66d8e1ba elementor-widget elementor-widget-heading\" data-id=\"66d8e1ba\" data-element_type=\"widget\" data-e-type=\"widget\" data-widget_type=\"heading.default\">\n\t\t\t\t<div class=\"elementor-widget-container\">\n\t\t\t\t\t<h3 class=\"elementor-heading-title elementor-size-default\">RepBot \u2013 SAP ve Ekipler i\u00e7in\nYapay Zeka Sohbet Robotu\n<\/h3>\t\t\t\t<\/div>\n\t\t\t\t<\/div>\n\t\t\t\t<div class=\"elementor-element elementor-element-62645f61 elementor-widget elementor-widget-text-editor\" data-id=\"62645f61\" data-element_type=\"widget\" data-e-type=\"widget\" data-widget_type=\"text-editor.default\">\n\t\t\t\t<div class=\"elementor-widget-container\">\n\t\t\t\t\t\t\t\t\t<p>RepBot, SAP HANA, Datasphere, SAC, Microsoft Teams ve WhatsApp ile entegre olarak veri eri\u015fiminde devrim yarat\u0131yor. Geleneksel raporlama yerine, \u00e7al\u0131\u015fanlar yapay zeka ve makine \u00f6\u011frenimi destekli sohbet robotu teknolojisini kullanarak an\u0131nda i\u00e7g\u00f6r\u00fclere eri\u015febiliyor. Kullan\u0131c\u0131 dostu web aray\u00fcz\u00fc ve Teams ve WhatsApp gibi g\u00fcnl\u00fck ara\u00e7larla entegrasyonu sayesinde RepBot, her zaman, her yerden ger\u00e7ek zamanl\u0131 veri eri\u015fimi sa\u011fl\u0131yor.<br \/><br \/>\u2022 Raporlara ve KPI&#8217;lara an\u0131nda eri\u015fim<br \/>\u2022 Ger\u00e7ek zamanl\u0131 SAP entegrasyonu<br \/>\u2022 Teams ve WhatsApp \u00fczerinden<br \/>kusursuz kullan\u0131m<br \/>\u2022 Yapay zeka ve makine \u00f6\u011frenimi<br \/>odakl\u0131 i\u00e7g\u00f6r\u00fcler<\/p>\t\t\t\t\t\t\t\t<\/div>\n\t\t\t\t<\/div>\n\t\t\t\t\t<\/div>\n\t\t<\/div>\n\t\t\t\t<div class=\"elementor-column elementor-col-50 elementor-top-column elementor-element elementor-element-4b4a167d elementor-invisible\" data-id=\"4b4a167d\" data-element_type=\"column\" data-e-type=\"column\" data-settings=\"{&quot;animation&quot;:&quot;fadeInRight&quot;}\">\n\t\t\t<div class=\"elementor-widget-wrap elementor-element-populated\">\n\t\t\t\t\t\t<div class=\"elementor-element elementor-element-4f773ef elementor-widget elementor-widget-image\" data-id=\"4f773ef\" data-element_type=\"widget\" data-e-type=\"widget\" data-widget_type=\"image.default\">\n\t\t\t\t<div class=\"elementor-widget-container\">\n\t\t\t\t\t\t\t\t\t\t\t\t\t\t\t<img fetchpriority=\"high\" decoding=\"async\" width=\"1920\" height=\"1280\" src=\"https:\/\/www.ibss.com.tr\/wp-content\/uploads\/2025\/07\/1-1.webp\" class=\"attachment-full size-full wp-image-23999\" alt=\"repbot\" srcset=\"https:\/\/www.ibss.com.tr\/wp-content\/uploads\/2025\/07\/1-1.webp 1920w, https:\/\/www.ibss.com.tr\/wp-content\/uploads\/2025\/07\/1-1-300x200.webp 300w, https:\/\/www.ibss.com.tr\/wp-content\/uploads\/2025\/07\/1-1-1024x683.webp 1024w, https:\/\/www.ibss.com.tr\/wp-content\/uploads\/2025\/07\/1-1-768x512.webp 768w, https:\/\/www.ibss.com.tr\/wp-content\/uploads\/2025\/07\/1-1-1536x1024.webp 1536w\" sizes=\"(max-width: 1920px) 100vw, 1920px\" \/>\t\t\t\t\t\t\t\t\t\t\t\t\t\t\t<\/div>\n\t\t\t\t<\/div>\n\t\t\t\t\t<\/div>\n\t\t<\/div>\n\t\t\t\t\t<\/div>\n\t\t<\/section>\n\t\t\t\t<\/div>\n\t\t","protected":false},"excerpt":{"rendered":"<p>Misyonumuz, teknolojiyi kullanarak i\u015finizi daha ileriye ta\u015f\u0131makt\u0131r. RepBot \u2013 SAP ve Ekipler i\u00e7in Yapay Zeka Sohbet Robotu RepBot, SAP HANA, Datasphere, SAC, Microsoft Teams ve WhatsApp ile entegre olarak veri eri\u015fiminde devrim yarat\u0131yor. Geleneksel raporlama yerine, \u00e7al\u0131\u015fanlar yapay zeka ve makine \u00f6\u011frenimi destekli sohbet robotu teknolojisini kullanarak an\u0131nda i\u00e7g\u00f6r\u00fclere eri\u015febiliyor. Kullan\u0131c\u0131 dostu web aray\u00fcz\u00fc ve [&hellip;]<\/p>\n","protected":false},"author":3,"featured_media":23953,"parent":0,"menu_order":0,"comment_status":"closed","ping_status":"closed","template":"elementor_header_footer","meta":{"footnotes":""},"class_list":["post-26908","page","type-page","status-publish","has-post-thumbnail","hentry"],"yoast_head":"<!-- This site is optimized with the Yoast SEO plugin v27.4 - https:\/\/yoast.com\/product\/yoast-seo-wordpress\/ -->\n<title>RepBot - IBSS | Data and Artificial Intelligence Based Solutions with SAP Gold Partner<\/title>\n<meta name=\"description\" content=\"RepBot, SAP ve Teams entegrasyonuyla ger\u00e7ek zamanl\u0131 rapor ve KPI\u2019lara eri\u015fim sa\u011flayan, AI destekli ak\u0131ll\u0131 chatbot \u00e7\u00f6z\u00fcm\u00fcd\u00fcr.\" \/>\n<meta name=\"robots\" content=\"index, follow, max-snippet:-1, max-image-preview:large, max-video-preview:-1\" \/>\n<link rel=\"canonical\" href=\"https:\/\/www.ibss.com.tr\/tr\/repbot\/\" \/>\n<meta property=\"og:locale\" content=\"tr_TR\" \/>\n<meta property=\"og:type\" content=\"article\" \/>\n<meta property=\"og:title\" content=\"RepBot - IBSS | Data and Artificial Intelligence Based Solutions with SAP Gold Partner\" \/>\n<meta property=\"og:description\" content=\"RepBot, SAP ve Teams entegrasyonuyla ger\u00e7ek zamanl\u0131 rapor ve KPI\u2019lara eri\u015fim sa\u011flayan, AI destekli ak\u0131ll\u0131 chatbot \u00e7\u00f6z\u00fcm\u00fcd\u00fcr.\" \/>\n<meta property=\"og:url\" content=\"https:\/\/www.ibss.com.tr\/tr\/repbot\/\" \/>\n<meta property=\"og:site_name\" content=\"IBSS | Data and Artificial Intelligence Based Solutions with SAP Gold Partner\" \/>\n<meta property=\"article:modified_time\" content=\"2025-10-14T07:45:30+00:00\" \/>\n<meta property=\"og:image\" content=\"https:\/\/www.ibss.com.tr\/wp-content\/uploads\/2025\/06\/repbot-1.png\" \/>\n\t<meta property=\"og:image:width\" content=\"366\" \/>\n\t<meta property=\"og:image:height\" content=\"330\" \/>\n\t<meta property=\"og:image:type\" content=\"image\/png\" \/>\n<meta name=\"twitter:card\" content=\"summary_large_image\" \/>\n<meta name=\"twitter:label1\" content=\"Tahmini okuma s\u00fcresi\" \/>\n\t<meta name=\"twitter:data1\" content=\"1 dakika\" \/>\n<script type=\"application\/ld+json\" class=\"yoast-schema-graph\">{\"@context\":\"https:\\\/\\\/schema.org\",\"@graph\":[{\"@type\":\"WebPage\",\"@id\":\"https:\\\/\\\/www.ibss.com.tr\\\/tr\\\/repbot\\\/\",\"url\":\"https:\\\/\\\/www.ibss.com.tr\\\/tr\\\/repbot\\\/\",\"name\":\"RepBot - IBSS | Data and Artificial Intelligence Based Solutions with SAP Gold Partner\",\"isPartOf\":{\"@id\":\"https:\\\/\\\/www.ibss.com.tr\\\/#website\"},\"primaryImageOfPage\":{\"@id\":\"https:\\\/\\\/www.ibss.com.tr\\\/tr\\\/repbot\\\/#primaryimage\"},\"image\":{\"@id\":\"https:\\\/\\\/www.ibss.com.tr\\\/tr\\\/repbot\\\/#primaryimage\"},\"thumbnailUrl\":\"https:\\\/\\\/www.ibss.com.tr\\\/wp-content\\\/uploads\\\/2025\\\/06\\\/repbot-1.png\",\"datePublished\":\"2025-09-23T08:06:34+00:00\",\"dateModified\":\"2025-10-14T07:45:30+00:00\",\"description\":\"RepBot, SAP ve Teams entegrasyonuyla ger\u00e7ek zamanl\u0131 rapor ve KPI\u2019lara eri\u015fim sa\u011flayan, AI destekli ak\u0131ll\u0131 chatbot \u00e7\u00f6z\u00fcm\u00fcd\u00fcr.\",\"inLanguage\":\"tr\",\"potentialAction\":[{\"@type\":\"ReadAction\",\"target\":[\"https:\\\/\\\/www.ibss.com.tr\\\/tr\\\/repbot\\\/\"]}]},{\"@type\":\"ImageObject\",\"inLanguage\":\"tr\",\"@id\":\"https:\\\/\\\/www.ibss.com.tr\\\/tr\\\/repbot\\\/#primaryimage\",\"url\":\"https:\\\/\\\/www.ibss.com.tr\\\/wp-content\\\/uploads\\\/2025\\\/06\\\/repbot-1.png\",\"contentUrl\":\"https:\\\/\\\/www.ibss.com.tr\\\/wp-content\\\/uploads\\\/2025\\\/06\\\/repbot-1.png\",\"width\":366,\"height\":330,\"caption\":\"Get instant access to SAP data with RepBot. Get AI-powered real-time reports and KPI analysis via Teams and WhatsApp.\"},{\"@type\":\"WebSite\",\"@id\":\"https:\\\/\\\/www.ibss.com.tr\\\/#website\",\"url\":\"https:\\\/\\\/www.ibss.com.tr\\\/\",\"name\":\"IBSS | Data and Artificial Intelligence Based Solutions with SAP Gold Partner\",\"description\":\"As an SAP Gold Partner, IBSS offers data analytics, artificial intelligence and reporting solutions in IBCS standards. Meet us to grow your business with technology.\",\"publisher\":{\"@id\":\"https:\\\/\\\/www.ibss.com.tr\\\/#organization\"},\"potentialAction\":[{\"@type\":\"SearchAction\",\"target\":{\"@type\":\"EntryPoint\",\"urlTemplate\":\"https:\\\/\\\/www.ibss.com.tr\\\/?s={search_term_string}\"},\"query-input\":{\"@type\":\"PropertyValueSpecification\",\"valueRequired\":true,\"valueName\":\"search_term_string\"}}],\"inLanguage\":\"tr\"},{\"@type\":\"Organization\",\"@id\":\"https:\\\/\\\/www.ibss.com.tr\\\/#organization\",\"name\":\"IBSS | Data and Artificial Intelligence Based Solutions with SAP Gold Partner\",\"url\":\"https:\\\/\\\/www.ibss.com.tr\\\/\",\"logo\":{\"@type\":\"ImageObject\",\"inLanguage\":\"tr\",\"@id\":\"https:\\\/\\\/www.ibss.com.tr\\\/#\\\/schema\\\/logo\\\/image\\\/\",\"url\":\"https:\\\/\\\/www.ibss.com.tr\\\/wp-content\\\/uploads\\\/2025\\\/09\\\/ibss-favicon.jpg\",\"contentUrl\":\"https:\\\/\\\/www.ibss.com.tr\\\/wp-content\\\/uploads\\\/2025\\\/09\\\/ibss-favicon.jpg\",\"width\":512,\"height\":512,\"caption\":\"IBSS | Data and Artificial Intelligence Based Solutions with SAP Gold Partner\"},\"image\":{\"@id\":\"https:\\\/\\\/www.ibss.com.tr\\\/#\\\/schema\\\/logo\\\/image\\\/\"}}]}<\/script>\n<!-- \/ Yoast SEO plugin. -->","yoast_head_json":{"title":"RepBot - IBSS | Data and Artificial Intelligence Based Solutions with SAP Gold Partner","description":"RepBot, SAP ve Teams entegrasyonuyla ger\u00e7ek zamanl\u0131 rapor ve KPI\u2019lara eri\u015fim sa\u011flayan, AI destekli ak\u0131ll\u0131 chatbot \u00e7\u00f6z\u00fcm\u00fcd\u00fcr.","robots":{"index":"index","follow":"follow","max-snippet":"max-snippet:-1","max-image-preview":"max-image-preview:large","max-video-preview":"max-video-preview:-1"},"canonical":"https:\/\/www.ibss.com.tr\/tr\/repbot\/","og_locale":"tr_TR","og_type":"article","og_title":"RepBot - IBSS | Data and Artificial Intelligence Based Solutions with SAP Gold Partner","og_description":"RepBot, SAP ve Teams entegrasyonuyla ger\u00e7ek zamanl\u0131 rapor ve KPI\u2019lara eri\u015fim sa\u011flayan, AI destekli ak\u0131ll\u0131 chatbot \u00e7\u00f6z\u00fcm\u00fcd\u00fcr.","og_url":"https:\/\/www.ibss.com.tr\/tr\/repbot\/","og_site_name":"IBSS | Data and Artificial Intelligence Based Solutions with SAP Gold Partner","article_modified_time":"2025-10-14T07:45:30+00:00","og_image":[{"width":366,"height":330,"url":"https:\/\/www.ibss.com.tr\/wp-content\/uploads\/2025\/06\/repbot-1.png","type":"image\/png"}],"twitter_card":"summary_large_image","twitter_misc":{"Tahmini okuma s\u00fcresi":"1 dakika"},"schema":{"@context":"https:\/\/schema.org","@graph":[{"@type":"WebPage","@id":"https:\/\/www.ibss.com.tr\/tr\/repbot\/","url":"https:\/\/www.ibss.com.tr\/tr\/repbot\/","name":"RepBot - IBSS | Data and Artificial Intelligence Based Solutions with SAP Gold Partner","isPartOf":{"@id":"https:\/\/www.ibss.com.tr\/#website"},"primaryImageOfPage":{"@id":"https:\/\/www.ibss.com.tr\/tr\/repbot\/#primaryimage"},"image":{"@id":"https:\/\/www.ibss.com.tr\/tr\/repbot\/#primaryimage"},"thumbnailUrl":"https:\/\/www.ibss.com.tr\/wp-content\/uploads\/2025\/06\/repbot-1.png","datePublished":"2025-09-23T08:06:34+00:00","dateModified":"2025-10-14T07:45:30+00:00","description":"RepBot, SAP ve Teams entegrasyonuyla ger\u00e7ek zamanl\u0131 rapor ve KPI\u2019lara eri\u015fim sa\u011flayan, AI destekli ak\u0131ll\u0131 chatbot \u00e7\u00f6z\u00fcm\u00fcd\u00fcr.","inLanguage":"tr","potentialAction":[{"@type":"ReadAction","target":["https:\/\/www.ibss.com.tr\/tr\/repbot\/"]}]},{"@type":"ImageObject","inLanguage":"tr","@id":"https:\/\/www.ibss.com.tr\/tr\/repbot\/#primaryimage","url":"https:\/\/www.ibss.com.tr\/wp-content\/uploads\/2025\/06\/repbot-1.png","contentUrl":"https:\/\/www.ibss.com.tr\/wp-content\/uploads\/2025\/06\/repbot-1.png","width":366,"height":330,"caption":"Get instant access to SAP data with RepBot. Get AI-powered real-time reports and KPI analysis via Teams and WhatsApp."},{"@type":"WebSite","@id":"https:\/\/www.ibss.com.tr\/#website","url":"https:\/\/www.ibss.com.tr\/","name":"IBSS | Data and Artificial Intelligence Based Solutions with SAP Gold Partner","description":"As an SAP Gold Partner, IBSS offers data analytics, artificial intelligence and reporting solutions in IBCS standards. Meet us to grow your business with technology.","publisher":{"@id":"https:\/\/www.ibss.com.tr\/#organization"},"potentialAction":[{"@type":"SearchAction","target":{"@type":"EntryPoint","urlTemplate":"https:\/\/www.ibss.com.tr\/?s={search_term_string}"},"query-input":{"@type":"PropertyValueSpecification","valueRequired":true,"valueName":"search_term_string"}}],"inLanguage":"tr"},{"@type":"Organization","@id":"https:\/\/www.ibss.com.tr\/#organization","name":"IBSS | Data and Artificial Intelligence Based Solutions with SAP Gold Partner","url":"https:\/\/www.ibss.com.tr\/","logo":{"@type":"ImageObject","inLanguage":"tr","@id":"https:\/\/www.ibss.com.tr\/#\/schema\/logo\/image\/","url":"https:\/\/www.ibss.com.tr\/wp-content\/uploads\/2025\/09\/ibss-favicon.jpg","contentUrl":"https:\/\/www.ibss.com.tr\/wp-content\/uploads\/2025\/09\/ibss-favicon.jpg","width":512,"height":512,"caption":"IBSS | Data and Artificial Intelligence Based Solutions with SAP Gold Partner"},"image":{"@id":"https:\/\/www.ibss.com.tr\/#\/schema\/logo\/image\/"}}]}},"_links":{"self":[{"href":"https:\/\/www.ibss.com.tr\/tr\/wp-json\/wp\/v2\/pages\/26908","targetHints":{"allow":["GET"]}}],"collection":[{"href":"https:\/\/www.ibss.com.tr\/tr\/wp-json\/wp\/v2\/pages"}],"about":[{"href":"https:\/\/www.ibss.com.tr\/tr\/wp-json\/wp\/v2\/types\/page"}],"author":[{"embeddable":true,"href":"https:\/\/www.ibss.com.tr\/tr\/wp-json\/wp\/v2\/users\/3"}],"replies":[{"embeddable":true,"href":"https:\/\/www.ibss.com.tr\/tr\/wp-json\/wp\/v2\/comments?post=26908"}],"version-history":[{"count":1,"href":"https:\/\/www.ibss.com.tr\/tr\/wp-json\/wp\/v2\/pages\/26908\/revisions"}],"predecessor-version":[{"id":28095,"href":"https:\/\/www.ibss.com.tr\/tr\/wp-json\/wp\/v2\/pages\/26908\/revisions\/28095"}],"wp:featuredmedia":[{"embeddable":true,"href":"https:\/\/www.ibss.com.tr\/tr\/wp-json\/wp\/v2\/media\/23953"}],"wp:attachment":[{"href":"https:\/\/www.ibss.com.tr\/tr\/wp-json\/wp\/v2\/media?parent=26908"}],"curies":[{"name":"wp","href":"https:\/\/api.w.org\/{rel}","templated":true}]}}