{"id":27020,"date":"2025-09-23T14:25:17","date_gmt":"2025-09-23T11:25:17","guid":{"rendered":"https:\/\/www.ibss.com.tr\/?page_id=27020"},"modified":"2025-10-14T11:36:54","modified_gmt":"2025-10-14T08:36:54","slug":"calisan-devir-tahmini","status":"publish","type":"page","link":"https:\/\/www.ibss.com.tr\/tr\/calisan-devir-tahmini\/","title":{"rendered":"\u00c7al\u0131\u015fan Devir Tahmini"},"content":{"rendered":"\t\t<div data-elementor-type=\"wp-page\" data-elementor-id=\"27020\" class=\"elementor elementor-27020\" data-elementor-post-type=\"page\">\n\t\t\t\t\t\t<section class=\"elementor-section elementor-top-section elementor-element elementor-element-367a1d93 elementor-section-boxed elementor-section-height-default elementor-section-height-default\" data-id=\"367a1d93\" data-element_type=\"section\" data-e-type=\"section\" data-settings=\"{&quot;background_background&quot;:&quot;classic&quot;}\">\n\t\t\t\t\t\t\t<div class=\"elementor-background-overlay\"><\/div>\n\t\t\t\t\t\t\t<div class=\"elementor-container elementor-column-gap-default\">\n\t\t\t\t\t<div class=\"elementor-column elementor-col-100 elementor-top-column elementor-element elementor-element-2498072\" data-id=\"2498072\" data-element_type=\"column\" data-e-type=\"column\">\n\t\t\t<div class=\"elementor-widget-wrap elementor-element-populated\">\n\t\t\t\t\t\t<section class=\"elementor-section elementor-inner-section elementor-element elementor-element-596d6d94 elementor-section-boxed elementor-section-height-default elementor-section-height-default\" data-id=\"596d6d94\" data-element_type=\"section\" data-e-type=\"section\">\n\t\t\t\t\t\t<div class=\"elementor-container elementor-column-gap-default\">\n\t\t\t\t\t<div class=\"elementor-column elementor-col-100 elementor-inner-column elementor-element elementor-element-7f92997c\" data-id=\"7f92997c\" data-element_type=\"column\" data-e-type=\"column\">\n\t\t\t<div class=\"elementor-widget-wrap elementor-element-populated\">\n\t\t\t\t\t\t<div class=\"elementor-element elementor-element-66fe10b8 animated-fast elementor-invisible elementor-widget elementor-widget-heading\" data-id=\"66fe10b8\" data-element_type=\"widget\" data-e-type=\"widget\" data-settings=\"{&quot;_animation&quot;:&quot;fadeInUp&quot;}\" data-widget_type=\"heading.default\">\n\t\t\t\t<div class=\"elementor-widget-container\">\n\t\t\t\t\t<h1 class=\"elementor-heading-title elementor-size-default\">\u00c7al\u0131\u015fan Devir Tahmini<\/h1>\t\t\t\t<\/div>\n\t\t\t\t<\/div>\n\t\t\t\t<div class=\"elementor-element elementor-element-7fb435a4 elementor-invisible elementor-widget elementor-widget-heading\" data-id=\"7fb435a4\" data-element_type=\"widget\" data-e-type=\"widget\" data-settings=\"{&quot;_animation&quot;:&quot;fadeInUp&quot;,&quot;_animation_delay&quot;:200}\" data-widget_type=\"heading.default\">\n\t\t\t\t<div class=\"elementor-widget-container\">\n\t\t\t\t\t<h4 class=\"elementor-heading-title elementor-size-default\">Misyonumuz, teknolojiyi kullanarak\ni\u015finizi daha ileriye ta\u015f\u0131makt\u0131r.<\/h4>\t\t\t\t<\/div>\n\t\t\t\t<\/div>\n\t\t\t\t<div class=\"elementor-element elementor-element-5310d74a elementor-align-center elementor-widget elementor-widget-breadcrumbs\" data-id=\"5310d74a\" data-element_type=\"widget\" data-e-type=\"widget\" data-widget_type=\"breadcrumbs.default\">\n\t\t\t\t<div class=\"elementor-widget-container\">\n\t\t\t\t\t<p id=\"breadcrumbs\"><\/p>\t\t\t\t<\/div>\n\t\t\t\t<\/div>\n\t\t\t\t\t<\/div>\n\t\t<\/div>\n\t\t\t\t\t<\/div>\n\t\t<\/section>\n\t\t\t\t\t<\/div>\n\t\t<\/div>\n\t\t\t\t\t<\/div>\n\t\t<\/section>\n\t\t\t\t<section class=\"elementor-section elementor-top-section elementor-element elementor-element-26ed2e94 elementor-section-content-middle elementor-section-boxed elementor-section-height-default elementor-section-height-default\" data-id=\"26ed2e94\" data-element_type=\"section\" data-e-type=\"section\" data-settings=\"{&quot;background_background&quot;:&quot;classic&quot;}\">\n\t\t\t\t\t\t<div class=\"elementor-container elementor-column-gap-default\">\n\t\t\t\t\t<div class=\"elementor-column elementor-col-50 elementor-top-column elementor-element elementor-element-6a2fd898 elementor-invisible\" data-id=\"6a2fd898\" data-element_type=\"column\" data-e-type=\"column\" data-settings=\"{&quot;animation&quot;:&quot;fadeInLeft&quot;}\">\n\t\t\t<div class=\"elementor-widget-wrap elementor-element-populated\">\n\t\t\t\t\t\t<div class=\"elementor-element elementor-element-66d8e1ba elementor-widget elementor-widget-heading\" data-id=\"66d8e1ba\" data-element_type=\"widget\" data-e-type=\"widget\" data-widget_type=\"heading.default\">\n\t\t\t\t<div class=\"elementor-widget-container\">\n\t\t\t\t\t<h3 class=\"elementor-heading-title elementor-size-default\">\u00c7al\u0131\u015fan Devir Tahmini\n\n<\/h3>\t\t\t\t<\/div>\n\t\t\t\t<\/div>\n\t\t\t\t<div class=\"elementor-element elementor-element-62645f61 elementor-widget elementor-widget-text-editor\" data-id=\"62645f61\" data-element_type=\"widget\" data-e-type=\"widget\" data-widget_type=\"text-editor.default\">\n\t\t\t\t<div class=\"elementor-widget-container\">\n\t\t\t\t\t\t\t\t\t<p>Yapay zeka destekli \u00c7al\u0131\u015fan Devir Tahmin sistemimiz, \u0130K ekiplerinin \u00e7al\u0131\u015fan istifa risklerini tahmin etmelerini sa\u011flar. \u015eirketler, \u00f6ng\u00f6r\u00fcc\u00fc analizlerden yararlanarak i\u015f g\u00fcc\u00fc planlamas\u0131n\u0131 optimize edebilir, i\u015fe al\u0131m maliyetlerini d\u00fc\u015f\u00fcrebilir ve \u00e7al\u0131\u015fan sadakatini art\u0131rabilir.<br \/><br \/>\u2022 Yapay zeka ile \u00e7al\u0131\u015fan kayb\u0131n\u0131 tahmin edin<br \/>\u2022 \u0130\u015f g\u00fcc\u00fc planlamas\u0131n\u0131 optimize edin<br \/>\u2022 \u0130\u015fe al\u0131m ve e\u011fitim maliyetlerini azalt\u0131n<br \/>\u2022 \u00c7al\u0131\u015fan kat\u0131l\u0131m\u0131n\u0131 art\u0131r\u0131n<\/p>\t\t\t\t\t\t\t\t<\/div>\n\t\t\t\t<\/div>\n\t\t\t\t\t<\/div>\n\t\t<\/div>\n\t\t\t\t<div class=\"elementor-column elementor-col-50 elementor-top-column elementor-element elementor-element-4b4a167d elementor-invisible\" data-id=\"4b4a167d\" data-element_type=\"column\" data-e-type=\"column\" data-settings=\"{&quot;animation&quot;:&quot;fadeInRight&quot;}\">\n\t\t\t<div class=\"elementor-widget-wrap elementor-element-populated\">\n\t\t\t\t\t\t<div class=\"elementor-element elementor-element-4f773ef elementor-widget elementor-widget-image\" data-id=\"4f773ef\" data-element_type=\"widget\" data-e-type=\"widget\" data-widget_type=\"image.default\">\n\t\t\t\t<div class=\"elementor-widget-container\">\n\t\t\t\t\t\t\t\t\t\t\t\t\t\t\t<img fetchpriority=\"high\" decoding=\"async\" width=\"736\" height=\"736\" src=\"https:\/\/www.ibss.com.tr\/wp-content\/uploads\/2025\/08\/f19c4a2fd5ba2a7a54b26e7ab3598b01.jpg\" class=\"attachment-full size-full wp-image-24055\" alt=\"\" srcset=\"https:\/\/www.ibss.com.tr\/wp-content\/uploads\/2025\/08\/f19c4a2fd5ba2a7a54b26e7ab3598b01.jpg 736w, https:\/\/www.ibss.com.tr\/wp-content\/uploads\/2025\/08\/f19c4a2fd5ba2a7a54b26e7ab3598b01-300x300.jpg 300w, https:\/\/www.ibss.com.tr\/wp-content\/uploads\/2025\/08\/f19c4a2fd5ba2a7a54b26e7ab3598b01-150x150.jpg 150w\" sizes=\"(max-width: 736px) 100vw, 736px\" \/>\t\t\t\t\t\t\t\t\t\t\t\t\t\t\t<\/div>\n\t\t\t\t<\/div>\n\t\t\t\t\t<\/div>\n\t\t<\/div>\n\t\t\t\t\t<\/div>\n\t\t<\/section>\n\t\t\t\t<\/div>\n\t\t","protected":false},"excerpt":{"rendered":"<p>Misyonumuz, teknolojiyi kullanarak i\u015finizi daha ileriye ta\u015f\u0131makt\u0131r. \u00c7al\u0131\u015fan Devir Tahmini Yapay zeka destekli \u00c7al\u0131\u015fan Devir Tahmin sistemimiz, \u0130K ekiplerinin \u00e7al\u0131\u015fan istifa risklerini tahmin etmelerini sa\u011flar. \u015eirketler, \u00f6ng\u00f6r\u00fcc\u00fc analizlerden yararlanarak i\u015f g\u00fcc\u00fc planlamas\u0131n\u0131 optimize edebilir, i\u015fe al\u0131m maliyetlerini d\u00fc\u015f\u00fcrebilir ve \u00e7al\u0131\u015fan sadakatini art\u0131rabilir. \u2022 Yapay zeka ile \u00e7al\u0131\u015fan kayb\u0131n\u0131 tahmin edin\u2022 \u0130\u015f g\u00fcc\u00fc planlamas\u0131n\u0131 optimize edin\u2022 [&hellip;]<\/p>\n","protected":false},"author":3,"featured_media":0,"parent":0,"menu_order":0,"comment_status":"closed","ping_status":"closed","template":"elementor_header_footer","meta":{"footnotes":""},"class_list":["post-27020","page","type-page","status-publish","hentry"],"yoast_head":"<!-- This site is optimized with the Yoast SEO plugin v27.4 - https:\/\/yoast.com\/product\/yoast-seo-wordpress\/ -->\n<title>\u00c7al\u0131\u015fan Devir Tahmini - IBSS | Data and Artificial Intelligence Based Solutions with SAP Gold Partner<\/title>\n<meta name=\"robots\" content=\"index, follow, max-snippet:-1, max-image-preview:large, max-video-preview:-1\" \/>\n<link rel=\"canonical\" href=\"https:\/\/www.ibss.com.tr\/tr\/calisan-devir-tahmini\/\" \/>\n<meta property=\"og:locale\" content=\"tr_TR\" \/>\n<meta property=\"og:type\" content=\"article\" \/>\n<meta property=\"og:title\" content=\"\u00c7al\u0131\u015fan Devir Tahmini - IBSS | Data and Artificial Intelligence Based Solutions with SAP Gold Partner\" \/>\n<meta property=\"og:description\" content=\"Misyonumuz, teknolojiyi kullanarak i\u015finizi daha ileriye ta\u015f\u0131makt\u0131r. \u00c7al\u0131\u015fan Devir Tahmini Yapay zeka destekli \u00c7al\u0131\u015fan Devir Tahmin sistemimiz, \u0130K ekiplerinin \u00e7al\u0131\u015fan istifa risklerini tahmin etmelerini sa\u011flar. \u015eirketler, \u00f6ng\u00f6r\u00fcc\u00fc analizlerden yararlanarak i\u015f g\u00fcc\u00fc planlamas\u0131n\u0131 optimize edebilir, i\u015fe al\u0131m maliyetlerini d\u00fc\u015f\u00fcrebilir ve \u00e7al\u0131\u015fan sadakatini art\u0131rabilir. \u2022 Yapay zeka ile \u00e7al\u0131\u015fan kayb\u0131n\u0131 tahmin edin\u2022 \u0130\u015f g\u00fcc\u00fc planlamas\u0131n\u0131 optimize edin\u2022 [&hellip;]\" \/>\n<meta property=\"og:url\" content=\"https:\/\/www.ibss.com.tr\/tr\/calisan-devir-tahmini\/\" \/>\n<meta property=\"og:site_name\" content=\"IBSS | Data and Artificial Intelligence Based Solutions with SAP Gold Partner\" \/>\n<meta property=\"article:modified_time\" content=\"2025-10-14T08:36:54+00:00\" \/>\n<meta property=\"og:image\" content=\"https:\/\/www.ibss.com.tr\/wp-content\/uploads\/2025\/08\/f19c4a2fd5ba2a7a54b26e7ab3598b01.jpg\" \/>\n<meta name=\"twitter:card\" content=\"summary_large_image\" \/>\n<meta name=\"twitter:label1\" content=\"Tahmini okuma s\u00fcresi\" \/>\n\t<meta name=\"twitter:data1\" content=\"1 dakika\" \/>\n<script type=\"application\/ld+json\" class=\"yoast-schema-graph\">{\"@context\":\"https:\\\/\\\/schema.org\",\"@graph\":[{\"@type\":\"WebPage\",\"@id\":\"https:\\\/\\\/www.ibss.com.tr\\\/tr\\\/calisan-devir-tahmini\\\/\",\"url\":\"https:\\\/\\\/www.ibss.com.tr\\\/tr\\\/calisan-devir-tahmini\\\/\",\"name\":\"\u00c7al\u0131\u015fan Devir Tahmini - IBSS | Data and Artificial Intelligence Based Solutions with SAP Gold Partner\",\"isPartOf\":{\"@id\":\"https:\\\/\\\/www.ibss.com.tr\\\/#website\"},\"primaryImageOfPage\":{\"@id\":\"https:\\\/\\\/www.ibss.com.tr\\\/tr\\\/calisan-devir-tahmini\\\/#primaryimage\"},\"image\":{\"@id\":\"https:\\\/\\\/www.ibss.com.tr\\\/tr\\\/calisan-devir-tahmini\\\/#primaryimage\"},\"thumbnailUrl\":\"https:\\\/\\\/www.ibss.com.tr\\\/wp-content\\\/uploads\\\/2025\\\/08\\\/f19c4a2fd5ba2a7a54b26e7ab3598b01.jpg\",\"datePublished\":\"2025-09-23T11:25:17+00:00\",\"dateModified\":\"2025-10-14T08:36:54+00:00\",\"inLanguage\":\"tr\",\"potentialAction\":[{\"@type\":\"ReadAction\",\"target\":[\"https:\\\/\\\/www.ibss.com.tr\\\/tr\\\/calisan-devir-tahmini\\\/\"]}]},{\"@type\":\"ImageObject\",\"inLanguage\":\"tr\",\"@id\":\"https:\\\/\\\/www.ibss.com.tr\\\/tr\\\/calisan-devir-tahmini\\\/#primaryimage\",\"url\":\"https:\\\/\\\/www.ibss.com.tr\\\/wp-content\\\/uploads\\\/2025\\\/08\\\/f19c4a2fd5ba2a7a54b26e7ab3598b01.jpg\",\"contentUrl\":\"https:\\\/\\\/www.ibss.com.tr\\\/wp-content\\\/uploads\\\/2025\\\/08\\\/f19c4a2fd5ba2a7a54b26e7ab3598b01.jpg\"},{\"@type\":\"WebSite\",\"@id\":\"https:\\\/\\\/www.ibss.com.tr\\\/#website\",\"url\":\"https:\\\/\\\/www.ibss.com.tr\\\/\",\"name\":\"IBSS | Data and Artificial Intelligence Based Solutions with SAP Gold Partner\",\"description\":\"As an SAP Gold Partner, IBSS offers data analytics, artificial intelligence and reporting solutions in IBCS standards. Meet us to grow your business with technology.\",\"publisher\":{\"@id\":\"https:\\\/\\\/www.ibss.com.tr\\\/#organization\"},\"potentialAction\":[{\"@type\":\"SearchAction\",\"target\":{\"@type\":\"EntryPoint\",\"urlTemplate\":\"https:\\\/\\\/www.ibss.com.tr\\\/?s={search_term_string}\"},\"query-input\":{\"@type\":\"PropertyValueSpecification\",\"valueRequired\":true,\"valueName\":\"search_term_string\"}}],\"inLanguage\":\"tr\"},{\"@type\":\"Organization\",\"@id\":\"https:\\\/\\\/www.ibss.com.tr\\\/#organization\",\"name\":\"IBSS | Data and Artificial Intelligence Based Solutions with SAP Gold Partner\",\"url\":\"https:\\\/\\\/www.ibss.com.tr\\\/\",\"logo\":{\"@type\":\"ImageObject\",\"inLanguage\":\"tr\",\"@id\":\"https:\\\/\\\/www.ibss.com.tr\\\/#\\\/schema\\\/logo\\\/image\\\/\",\"url\":\"https:\\\/\\\/www.ibss.com.tr\\\/wp-content\\\/uploads\\\/2025\\\/09\\\/ibss-favicon.jpg\",\"contentUrl\":\"https:\\\/\\\/www.ibss.com.tr\\\/wp-content\\\/uploads\\\/2025\\\/09\\\/ibss-favicon.jpg\",\"width\":512,\"height\":512,\"caption\":\"IBSS | Data and Artificial Intelligence Based Solutions with SAP Gold Partner\"},\"image\":{\"@id\":\"https:\\\/\\\/www.ibss.com.tr\\\/#\\\/schema\\\/logo\\\/image\\\/\"}}]}<\/script>\n<!-- \/ Yoast SEO plugin. -->","yoast_head_json":{"title":"\u00c7al\u0131\u015fan Devir Tahmini - IBSS | Data and Artificial Intelligence Based Solutions with SAP Gold Partner","robots":{"index":"index","follow":"follow","max-snippet":"max-snippet:-1","max-image-preview":"max-image-preview:large","max-video-preview":"max-video-preview:-1"},"canonical":"https:\/\/www.ibss.com.tr\/tr\/calisan-devir-tahmini\/","og_locale":"tr_TR","og_type":"article","og_title":"\u00c7al\u0131\u015fan Devir Tahmini - IBSS | Data and Artificial Intelligence Based Solutions with SAP Gold Partner","og_description":"Misyonumuz, teknolojiyi kullanarak i\u015finizi daha ileriye ta\u015f\u0131makt\u0131r. \u00c7al\u0131\u015fan Devir Tahmini Yapay zeka destekli \u00c7al\u0131\u015fan Devir Tahmin sistemimiz, \u0130K ekiplerinin \u00e7al\u0131\u015fan istifa risklerini tahmin etmelerini sa\u011flar. \u015eirketler, \u00f6ng\u00f6r\u00fcc\u00fc analizlerden yararlanarak i\u015f g\u00fcc\u00fc planlamas\u0131n\u0131 optimize edebilir, i\u015fe al\u0131m maliyetlerini d\u00fc\u015f\u00fcrebilir ve \u00e7al\u0131\u015fan sadakatini art\u0131rabilir. \u2022 Yapay zeka ile \u00e7al\u0131\u015fan kayb\u0131n\u0131 tahmin edin\u2022 \u0130\u015f g\u00fcc\u00fc planlamas\u0131n\u0131 optimize edin\u2022 [&hellip;]","og_url":"https:\/\/www.ibss.com.tr\/tr\/calisan-devir-tahmini\/","og_site_name":"IBSS | Data and Artificial Intelligence Based Solutions with SAP Gold Partner","article_modified_time":"2025-10-14T08:36:54+00:00","og_image":[{"url":"https:\/\/www.ibss.com.tr\/wp-content\/uploads\/2025\/08\/f19c4a2fd5ba2a7a54b26e7ab3598b01.jpg","type":"","width":"","height":""}],"twitter_card":"summary_large_image","twitter_misc":{"Tahmini okuma s\u00fcresi":"1 dakika"},"schema":{"@context":"https:\/\/schema.org","@graph":[{"@type":"WebPage","@id":"https:\/\/www.ibss.com.tr\/tr\/calisan-devir-tahmini\/","url":"https:\/\/www.ibss.com.tr\/tr\/calisan-devir-tahmini\/","name":"\u00c7al\u0131\u015fan Devir Tahmini - IBSS | Data and Artificial Intelligence Based Solutions with SAP Gold Partner","isPartOf":{"@id":"https:\/\/www.ibss.com.tr\/#website"},"primaryImageOfPage":{"@id":"https:\/\/www.ibss.com.tr\/tr\/calisan-devir-tahmini\/#primaryimage"},"image":{"@id":"https:\/\/www.ibss.com.tr\/tr\/calisan-devir-tahmini\/#primaryimage"},"thumbnailUrl":"https:\/\/www.ibss.com.tr\/wp-content\/uploads\/2025\/08\/f19c4a2fd5ba2a7a54b26e7ab3598b01.jpg","datePublished":"2025-09-23T11:25:17+00:00","dateModified":"2025-10-14T08:36:54+00:00","inLanguage":"tr","potentialAction":[{"@type":"ReadAction","target":["https:\/\/www.ibss.com.tr\/tr\/calisan-devir-tahmini\/"]}]},{"@type":"ImageObject","inLanguage":"tr","@id":"https:\/\/www.ibss.com.tr\/tr\/calisan-devir-tahmini\/#primaryimage","url":"https:\/\/www.ibss.com.tr\/wp-content\/uploads\/2025\/08\/f19c4a2fd5ba2a7a54b26e7ab3598b01.jpg","contentUrl":"https:\/\/www.ibss.com.tr\/wp-content\/uploads\/2025\/08\/f19c4a2fd5ba2a7a54b26e7ab3598b01.jpg"},{"@type":"WebSite","@id":"https:\/\/www.ibss.com.tr\/#website","url":"https:\/\/www.ibss.com.tr\/","name":"IBSS | Data and Artificial Intelligence Based Solutions with SAP Gold Partner","description":"As an SAP Gold Partner, IBSS offers data analytics, artificial intelligence and reporting solutions in IBCS standards. Meet us to grow your business with technology.","publisher":{"@id":"https:\/\/www.ibss.com.tr\/#organization"},"potentialAction":[{"@type":"SearchAction","target":{"@type":"EntryPoint","urlTemplate":"https:\/\/www.ibss.com.tr\/?s={search_term_string}"},"query-input":{"@type":"PropertyValueSpecification","valueRequired":true,"valueName":"search_term_string"}}],"inLanguage":"tr"},{"@type":"Organization","@id":"https:\/\/www.ibss.com.tr\/#organization","name":"IBSS | Data and Artificial Intelligence Based Solutions with SAP Gold Partner","url":"https:\/\/www.ibss.com.tr\/","logo":{"@type":"ImageObject","inLanguage":"tr","@id":"https:\/\/www.ibss.com.tr\/#\/schema\/logo\/image\/","url":"https:\/\/www.ibss.com.tr\/wp-content\/uploads\/2025\/09\/ibss-favicon.jpg","contentUrl":"https:\/\/www.ibss.com.tr\/wp-content\/uploads\/2025\/09\/ibss-favicon.jpg","width":512,"height":512,"caption":"IBSS | Data and Artificial Intelligence Based Solutions with SAP Gold Partner"},"image":{"@id":"https:\/\/www.ibss.com.tr\/#\/schema\/logo\/image\/"}}]}},"_links":{"self":[{"href":"https:\/\/www.ibss.com.tr\/tr\/wp-json\/wp\/v2\/pages\/27020","targetHints":{"allow":["GET"]}}],"collection":[{"href":"https:\/\/www.ibss.com.tr\/tr\/wp-json\/wp\/v2\/pages"}],"about":[{"href":"https:\/\/www.ibss.com.tr\/tr\/wp-json\/wp\/v2\/types\/page"}],"author":[{"embeddable":true,"href":"https:\/\/www.ibss.com.tr\/tr\/wp-json\/wp\/v2\/users\/3"}],"replies":[{"embeddable":true,"href":"https:\/\/www.ibss.com.tr\/tr\/wp-json\/wp\/v2\/comments?post=27020"}],"version-history":[{"count":1,"href":"https:\/\/www.ibss.com.tr\/tr\/wp-json\/wp\/v2\/pages\/27020\/revisions"}],"predecessor-version":[{"id":28112,"href":"https:\/\/www.ibss.com.tr\/tr\/wp-json\/wp\/v2\/pages\/27020\/revisions\/28112"}],"wp:attachment":[{"href":"https:\/\/www.ibss.com.tr\/tr\/wp-json\/wp\/v2\/media?parent=27020"}],"curies":[{"name":"wp","href":"https:\/\/api.w.org\/{rel}","templated":true}]}}